{"id":213,"date":"2016-03-02T15:44:33","date_gmt":"2016-03-02T13:44:33","guid":{"rendered":"http:\/\/univercol.wpengine.com\/?page_id=213"},"modified":"2018-01-25T10:36:55","modified_gmt":"2018-01-25T08:36:55","slug":"sds","status":"publish","type":"page","link":"https:\/\/www.univercol.com\/pl\/sds\/","title":{"rendered":"Karta Bezpiecze\u0144stwa"},"content":{"rendered":"<p>Ta strona zawiera aktualne Karty Bezpiecze\u0144stwa dla wyrob\u00f3w firmy Univercol.<\/p>\n<p>Aby przejrze\u0107 dokument, wpisz kod SDS wydrukowany na etykiecie na opakowaniu wyrobu Univercol.<\/p>\n<p>Ten formularz mo\u017cna wydrukowa\u0107, zapisa\u0107 lub wyeksportowa\u0107 do wiadomo\u015bci e-mail.<\/p>\n<pre id=\"tw-target-text\" class=\"tw-data-text tw-ta tw-text-small\" dir=\"ltr\" data-fulltext=\"\" data-placeholder=\"T\u0142umaczenie\"><span lang=\"pl\">\u00a0<\/span><\/pre>\n<form class=\"file-search-form\"><label for=\"coasearch\">Wprowad\u017a numer SDS : <\/label><br \/>\n<input id=\"coasearch\" type=\"search\" placeholder=\"SDS number'\" \/><br \/>\n<input id=\"coasearch-submit\" type=\"submit\" value=\"Search\" \/><\/form>\n","protected":false},"excerpt":{"rendered":"<p>Ta strona zawiera aktualne Karty Bezpiecze\u0144stwa dla wyrob\u00f3w firmy Univercol. Aby przejrze\u0107 dokument, wpisz kod SDS wydrukowany na etykiecie na opakowaniu wyrobu Univercol. Ten formularz mo\u017cna wydrukowa\u0107, zapisa\u0107 lub wyeksportowa\u0107 do wiadomo\u015bci e-mail. \u00a0 Wprowad\u017a numer SDS :<\/p>\n","protected":false},"author":8130252,"featured_media":0,"parent":0,"menu_order":0,"comment_status":"closed","ping_status":"closed","template":"template-coa.php","meta":{"_acf_changed":false,"_genesis_hide_title":false,"_genesis_hide_breadcrumbs":false,"_genesis_hide_singular_image":false,"_genesis_hide_footer_widgets":false,"_genesis_custom_body_class":"","_genesis_custom_post_class":"","_genesis_layout":"","footnotes":""},"class_list":{"0":"post-213","1":"page","2":"type-page","3":"status-publish","5":"entry"},"acf":[],"_links":{"self":[{"href":"https:\/\/www.univercol.com\/pl\/wp-json\/wp\/v2\/pages\/213","targetHints":{"allow":["GET"]}}],"collection":[{"href":"https:\/\/www.univercol.com\/pl\/wp-json\/wp\/v2\/pages"}],"about":[{"href":"https:\/\/www.univercol.com\/pl\/wp-json\/wp\/v2\/types\/page"}],"author":[{"embeddable":true,"href":"https:\/\/www.univercol.com\/pl\/wp-json\/wp\/v2\/users\/8130252"}],"replies":[{"embeddable":true,"href":"https:\/\/www.univercol.com\/pl\/wp-json\/wp\/v2\/comments?post=213"}],"version-history":[{"count":0,"href":"https:\/\/www.univercol.com\/pl\/wp-json\/wp\/v2\/pages\/213\/revisions"}],"wp:attachment":[{"href":"https:\/\/www.univercol.com\/pl\/wp-json\/wp\/v2\/media?parent=213"}],"curies":[{"name":"wp","href":"https:\/\/api.w.org\/{rel}","templated":true}]}}