{"id":20,"date":"2016-02-08T16:23:40","date_gmt":"2016-02-08T14:23:40","guid":{"rendered":"http:\/\/univercol.wpengine.com\/?page_id=20"},"modified":"2018-04-13T09:49:48","modified_gmt":"2018-04-13T06:49:48","slug":"%d7%a2%d7%9e%d7%95%d7%93-%d7%94%d7%91%d7%99%d7%aa","status":"publish","type":"page","link":"https:\/\/www.univercol.com\/pl\/","title":{"rendered":"O firmie"},"content":{"rendered":"<p>Firma Univercol, nale\u017c\u0105ca do Grupy Nirlat, zosta\u0142a za\u0142o\u017cona w\u00a01949\u00a0r. Jest g\u0142\u00f3wnym izraelskim przedsi\u0119biorstwem produkuj\u0105cym farby przemys\u0142owe do malowania proszkowego. Univercol sprzedaje swoje produkty w\u00a0Izraelu i\u00a0eksportuje na Bliski Wsch\u00f3d, do Europy i\u00a0USA.<\/p>\n<p>Produkty Univercol to pow\u0142oki do aluminiowych profili wyciskanych i\u00a0drzwi, \u017celaza zgrzewnego, powierzchni galwanizowanych oraz stali konstrukcyjnej, szerokiej gamy powierzchni przemys\u0142owych i\u00a0produkt\u00f3w dekoracyjnych. Oferta firmy to ogromny wyb\u00f3r kolor\u00f3w do r\u00f3\u017cnego typu wyko\u0144cze\u0144, chemii u\u017cytkowej oraz poziom\u00f3w po\u0142ysku.<\/p>\n<p>Univercol posiada certyfikat ISO 9001:2008. Univercol to pierwsza i\u00a0jedyna firma z\u00a0Izraela uhonorowana nagrod\u0105 Green Seal, przyznan\u0105 za pow\u0142oki proszkowe przez izraelskie ministerstwo ochrony \u015brodowiska i\u00a0Izraelski Instytut Normalizacyjny.<\/p>\n<p>Od wielu lat Univercol prowadzi badania w\u00a0najnowocze\u015bniejszych laboratoriach. Firma stale zdobywa wiedz\u0119, aby udoskonala\u0107 i\u00a0opracowywa\u0107 zaawansowane produkty i\u00a0rozwi\u0105zania dla przemys\u0142u metalowego w\u00a0Izraelu i\u00a0za granic\u0105.<\/p>\n<p>Firma zapewnia doradc\u00f3w i pracownik\u00f3w terenowych do konsultacji, kierowania i wskaz\u00f3wek dla du\u017cych projekt\u00f3w.<\/p>\n<p>Univercol korzysta z zaawansowanych system\u00f3w logistycznych i obs\u0142ugi klienta, zapewniaj\u0105c doskona\u0142\u0105 obs\u0142ug\u0119 swojej d\u0142ugiej listy klient\u00f3w i oferuj\u0105c rozwi\u0105zania wszelkich pyta\u0144 lub problem\u00f3w, kt\u00f3re mog\u0105 napotka\u0107.<\/p>\n<p>Univercol wprowadzi\u0142 swoje farby proszkowe do USA na pocz\u0105tku lat dziewi\u0119\u0107dziesi\u0105tych. Od tego czasu Univercol oferuje swoje produkty poprzez swoj\u0105 sp\u00f3\u0142k\u0119 c\u00f3rk\u0119 <a href=\"http:\/\/linkcolorna.com\/\" target=\"_blank\"><strong><em>Link Color N.A.<\/em><\/strong><\/a><\/p>\n<p>Ta sp\u00f3\u0142ka dzia\u0142a i obs\u0142uguje przemys\u0142 metalowy z biura i magazynu w New Jersey.Aby dowiedzie\u0107 si\u0119 wi\u0119cej o Link Color N.A,\u00a0\u00a0<strong>kliknij tutaj<\/strong><\/p>\n<pre><span style=\"font-family: 'Georgia','serif'; font-size: 11pt;\"><span style=\"color: #000000;\">\u00a0<\/span><\/span><\/pre>\n<p><strong>\u00a0<\/strong><\/p>\n","protected":false},"excerpt":{"rendered":"<p>Firma Univercol, nale\u017c\u0105ca do Grupy Nirlat, zosta\u0142a za\u0142o\u017cona w\u00a01949\u00a0r. Jest g\u0142\u00f3wnym izraelskim przedsi\u0119biorstwem produkuj\u0105cym farby przemys\u0142owe do malowania proszkowego. Univercol sprzedaje swoje produkty w\u00a0Izraelu i\u00a0eksportuje na Bliski Wsch\u00f3d, do Europy i\u00a0USA. Produkty Univercol to pow\u0142oki do aluminiowych profili wyciskanych i\u00a0drzwi, \u017celaza zgrzewnego, powierzchni galwanizowanych oraz stali konstrukcyjnej, szerokiej gamy powierzchni przemys\u0142owych i\u00a0produkt\u00f3w dekoracyjnych. Oferta firmy [&hellip;]<\/p>\n","protected":false},"author":8130252,"featured_media":0,"parent":0,"menu_order":0,"comment_status":"closed","ping_status":"closed","template":"","meta":{"_acf_changed":false,"_genesis_hide_title":false,"_genesis_hide_breadcrumbs":false,"_genesis_hide_singular_image":false,"_genesis_hide_footer_widgets":false,"_genesis_custom_body_class":"","_genesis_custom_post_class":"","_genesis_layout":"","footnotes":""},"class_list":{"0":"post-20","1":"page","2":"type-page","3":"status-publish","5":"entry"},"acf":[],"_links":{"self":[{"href":"https:\/\/www.univercol.com\/pl\/wp-json\/wp\/v2\/pages\/20","targetHints":{"allow":["GET"]}}],"collection":[{"href":"https:\/\/www.univercol.com\/pl\/wp-json\/wp\/v2\/pages"}],"about":[{"href":"https:\/\/www.univercol.com\/pl\/wp-json\/wp\/v2\/types\/page"}],"author":[{"embeddable":true,"href":"https:\/\/www.univercol.com\/pl\/wp-json\/wp\/v2\/users\/8130252"}],"replies":[{"embeddable":true,"href":"https:\/\/www.univercol.com\/pl\/wp-json\/wp\/v2\/comments?post=20"}],"version-history":[{"count":0,"href":"https:\/\/www.univercol.com\/pl\/wp-json\/wp\/v2\/pages\/20\/revisions"}],"wp:attachment":[{"href":"https:\/\/www.univercol.com\/pl\/wp-json\/wp\/v2\/media?parent=20"}],"curies":[{"name":"wp","href":"https:\/\/api.w.org\/{rel}","templated":true}]}}