{"id":2,"date":"2015-12-09T00:59:02","date_gmt":"2015-12-08T22:59:02","guid":{"rendered":"http:\/\/univercol.wpengine.com\/?page_id=2"},"modified":"2018-06-24T16:27:26","modified_gmt":"2018-06-24T13:27:26","slug":"about","status":"publish","type":"page","link":"https:\/\/www.univercol.com\/pl\/about\/","title":{"rendered":"O firmie"},"content":{"rendered":"<p>Firma Univercol, nale\u017c\u0105ca do Grupy Nirlat, zosta\u0142a za\u0142o\u017cona w\u00a01949\u00a0r. Jest g\u0142\u00f3wnym izraelskim przedsi\u0119biorstwem produkuj\u0105cym farby przemys\u0142owe do malowania proszkowego. Univercol sprzedaje swoje produkty w\u00a0Izraelu i\u00a0eksportuje na Bliski Wsch\u00f3d, do Europy i USA.<\/p>\n<p>Produkty Univercol zapewniaj\u0105 rozwi\u0105zania w zakresie malowania i konserwacji aluminiowych profili wyt\u0142aczanych, kutego \u017celaza, powierzchni galwanizowanych, s\u0142up\u00f3w o\u015bwietleniowych, ogrodze\u0144, urz\u0105dze\u0144, system\u00f3w klimatyzacyjnych, jak r\u00f3wnie\u017c konstrukcji stalowych, most\u00f3w, rur, system\u00f3w wodnych i szerokiej gamy powierzchni przemys\u0142owych oraz produkty dekoracyjne.<\/p>\n<p>Firma oferuje szerok\u0105 gam\u0119 kolor\u00f3w w r\u00f3\u017cnych wyko\u0144czeniach, rodzajach chemii i poziomie po\u0142ysku.<\/p>\n<p>Od wielu lat, a teraz bardziej ni\u017c kiedykolwiek, Univercol inwestuje w zaawansowane laboratoria badawcze. Firma konsekwentnie zdobywa wiedz\u0119, aby ulepsza\u0107, rozwija\u0107 zaawansowane produkty i zaawansowane rozwi\u0105zania dla bran\u017cy metalowej za granic\u0105.<\/p>\n<p>Nasza lista klient\u00f3w obejmuje mi\u0119dzy innymi takie firmy jak: Mul-T-Lock, Walmart, Netafim, Teknion i HP Indigo.<\/p>\n<p>&nbsp;<\/p>\n<p><img loading=\"lazy\" decoding=\"async\" class=\"alignnone wp-image-405 size-full\" src=\"http:\/\/univercol.com\/pl\/wp-content\/uploads\/2015\/12\/main_pic.jpg\" width=\"1100\" height=\"450\" srcset=\"https:\/\/www.univercol.com\/pl\/wp-content\/uploads\/2015\/12\/main_pic.jpg 1100w, https:\/\/www.univercol.com\/pl\/wp-content\/uploads\/2015\/12\/main_pic-300x123.jpg 300w, https:\/\/www.univercol.com\/pl\/wp-content\/uploads\/2015\/12\/main_pic-768x314.jpg 768w, https:\/\/www.univercol.com\/pl\/wp-content\/uploads\/2015\/12\/main_pic-1024x419.jpg 1024w, https:\/\/www.univercol.com\/pl\/wp-content\/uploads\/2015\/12\/main_pic-80x33.jpg 80w\" sizes=\"auto, (max-width: 1100px) 100vw, 1100px\" \/><\/p>\n<p>&nbsp;<\/p>\n<p>&nbsp;<\/p>\n","protected":false},"excerpt":{"rendered":"<p>Firma Univercol, nale\u017c\u0105ca do Grupy Nirlat, zosta\u0142a za\u0142o\u017cona w\u00a01949\u00a0r. Jest g\u0142\u00f3wnym izraelskim przedsi\u0119biorstwem produkuj\u0105cym farby przemys\u0142owe do malowania proszkowego. Univercol sprzedaje swoje produkty w\u00a0Izraelu i\u00a0eksportuje na Bliski Wsch\u00f3d, do Europy i USA. Produkty Univercol zapewniaj\u0105 rozwi\u0105zania w zakresie malowania i konserwacji aluminiowych profili wyt\u0142aczanych, kutego \u017celaza, powierzchni galwanizowanych, s\u0142up\u00f3w o\u015bwietleniowych, ogrodze\u0144, urz\u0105dze\u0144, system\u00f3w klimatyzacyjnych, jak [&hellip;]<\/p>\n","protected":false},"author":8130252,"featured_media":0,"parent":0,"menu_order":0,"comment_status":"closed","ping_status":"closed","template":"","meta":{"_acf_changed":false,"_genesis_hide_title":false,"_genesis_hide_breadcrumbs":false,"_genesis_hide_singular_image":false,"_genesis_hide_footer_widgets":false,"_genesis_custom_body_class":"","_genesis_custom_post_class":"","_genesis_layout":"","footnotes":""},"class_list":{"0":"post-2","1":"page","2":"type-page","3":"status-publish","5":"entry"},"acf":[],"_links":{"self":[{"href":"https:\/\/www.univercol.com\/pl\/wp-json\/wp\/v2\/pages\/2","targetHints":{"allow":["GET"]}}],"collection":[{"href":"https:\/\/www.univercol.com\/pl\/wp-json\/wp\/v2\/pages"}],"about":[{"href":"https:\/\/www.univercol.com\/pl\/wp-json\/wp\/v2\/types\/page"}],"author":[{"embeddable":true,"href":"https:\/\/www.univercol.com\/pl\/wp-json\/wp\/v2\/users\/8130252"}],"replies":[{"embeddable":true,"href":"https:\/\/www.univercol.com\/pl\/wp-json\/wp\/v2\/comments?post=2"}],"version-history":[{"count":0,"href":"https:\/\/www.univercol.com\/pl\/wp-json\/wp\/v2\/pages\/2\/revisions"}],"wp:attachment":[{"href":"https:\/\/www.univercol.com\/pl\/wp-json\/wp\/v2\/media?parent=2"}],"curies":[{"name":"wp","href":"https:\/\/api.w.org\/{rel}","templated":true}]}}