{"id":144,"date":"2016-02-29T20:40:29","date_gmt":"2016-02-29T18:40:29","guid":{"rendered":"http:\/\/univercol.wpengine.com\/?page_id=144"},"modified":"2018-01-25T10:44:25","modified_gmt":"2018-01-25T08:44:25","slug":"coa","status":"publish","type":"page","link":"https:\/\/www.univercol.com\/pl\/coa\/","title":{"rendered":"\u015awiadectwo Jako\u015bci"},"content":{"rendered":"<p>Na tej stronie przedstawiono wyniki analizy produktu (\u015awiadectwo Jako\u015bci) okre\u015blonej partii w czasie produkcji.<\/p>\n<p>Ten formularz mo\u017cna wydrukowa\u0107, zapisa\u0107 lub wyeksportowa\u0107 do wiadomo\u015bci e-mail.<\/p>\n<form class=\"file-search-form\">Wprowad\u017a numer partii<br \/>\n<input id=\"coasearch\" type=\"search\" placeholder=\"Batch number\" \/><br \/>\n<input id=\"coasearch-submit\" type=\"submit\" value=\"Search\" \/><\/form>\n","protected":false},"excerpt":{"rendered":"<p>Na tej stronie przedstawiono wyniki analizy produktu (\u015awiadectwo Jako\u015bci) okre\u015blonej partii w czasie produkcji. Ten formularz mo\u017cna wydrukowa\u0107, zapisa\u0107 lub wyeksportowa\u0107 do wiadomo\u015bci e-mail. Wprowad\u017a numer partii<\/p>\n","protected":false},"author":8130252,"featured_media":0,"parent":0,"menu_order":0,"comment_status":"closed","ping_status":"closed","template":"template-coa.php","meta":{"_acf_changed":false,"_genesis_hide_title":false,"_genesis_hide_breadcrumbs":false,"_genesis_hide_singular_image":false,"_genesis_hide_footer_widgets":false,"_genesis_custom_body_class":"","_genesis_custom_post_class":"","_genesis_layout":"","footnotes":""},"class_list":{"0":"post-144","1":"page","2":"type-page","3":"status-publish","5":"entry"},"acf":[],"_links":{"self":[{"href":"https:\/\/www.univercol.com\/pl\/wp-json\/wp\/v2\/pages\/144","targetHints":{"allow":["GET"]}}],"collection":[{"href":"https:\/\/www.univercol.com\/pl\/wp-json\/wp\/v2\/pages"}],"about":[{"href":"https:\/\/www.univercol.com\/pl\/wp-json\/wp\/v2\/types\/page"}],"author":[{"embeddable":true,"href":"https:\/\/www.univercol.com\/pl\/wp-json\/wp\/v2\/users\/8130252"}],"replies":[{"embeddable":true,"href":"https:\/\/www.univercol.com\/pl\/wp-json\/wp\/v2\/comments?post=144"}],"version-history":[{"count":0,"href":"https:\/\/www.univercol.com\/pl\/wp-json\/wp\/v2\/pages\/144\/revisions"}],"wp:attachment":[{"href":"https:\/\/www.univercol.com\/pl\/wp-json\/wp\/v2\/media?parent=144"}],"curies":[{"name":"wp","href":"https:\/\/api.w.org\/{rel}","templated":true}]}}